{"id":999,"date":"2022-09-08T19:30:15","date_gmt":"2022-09-08T19:30:15","guid":{"rendered":"https:\/\/latstab.bluewhiteagency.com\/?page_id=999"},"modified":"2025-12-15T11:21:52","modified_gmt":"2025-12-15T11:21:52","slug":"sikdatnu-politika","status":"publish","type":"page","link":"https:\/\/latstab.bluewhiteagency.com\/en\/sikdatnu-politika\/","title":{"rendered":"Cookie Policy"},"content":{"rendered":"<div data-elementor-type=\"wp-page\" data-elementor-id=\"999\" class=\"elementor elementor-999\">\n\t\t\t\t\t\t<section class=\"elementor-section elementor-top-section elementor-element elementor-element-43897269 elementor-section-boxed elementor-section-height-default elementor-section-height-default sc_fly_static\" data-id=\"43897269\" data-element_type=\"section\" data-e-type=\"section\" data-settings=\"{&quot;background_background&quot;:&quot;classic&quot;}\">\n\t\t\t\t\t\t<div class=\"elementor-container elementor-column-gap-extended\">\n\t\t\t\t\t<div class=\"elementor-column elementor-col-100 elementor-top-column elementor-element elementor-element-6f02bc5d sc_content_align_inherit sc_layouts_column_icons_position_left sc_fly_static\" data-id=\"6f02bc5d\" data-element_type=\"column\" data-e-type=\"column\">\n\t\t\t<div class=\"elementor-widget-wrap elementor-element-populated\">\n\t\t\t\t\t\t<div class=\"elementor-element elementor-element-1873ed3 sc_fly_static elementor-widget elementor-widget-text-editor\" data-id=\"1873ed3\" data-element_type=\"widget\" data-e-type=\"widget\" data-widget_type=\"text-editor.default\">\n\t\t\t\t<div class=\"elementor-widget-container\">\n\t\t\t\t\t\t\t\t\t<div class=\"wpb_text_column wpb_content_element\"><div class=\"wpb_wrapper\"><h3 class=\"wp-block-heading\">Cookie Policy<\/h3><p class=\"translation-block\">A cookie is a short string of text sent by the website\u2019s server (information), which is saved on the user\u2019s computer or other devices in the file directory of the user\u2019s browser.<\/p><p>This helps the website to remember the settings you have selected for browsing the website so that you do not have to adjust them every time and to facilitate the browsing of the website (e.g., the language used). Cookies (after the saving of the IP address) do not identify the user as a person and only recognise the user as a previous visitor to the website. Cookies also help us summarise our website\u2019s visitor statistics.<\/p><p><strong>The website latstab.lv uses Google Analytics\u00a0<\/strong><strong>Google Analytics<\/strong><\/p><p>The website uses \u201cGoogle Analytics\u201d software developed be the legal entity \u201cGoogle Inc.\u201d. The software uses cookies, allowing the website administrator to analyse how the website is used.<\/p><p>If you do not want Latstab.lv to collect information about your activity on the website, you need to activate the Google Analytics Opt-out Browser Add-on<a href=\"https:\/\/support.google.com\/analytics\/answer\/181881\" data-saferedirecturl=\"https:\/\/www.google.com\/url?hl=lv&amp;q=https:\/\/support.google.com\/analytics\/answer\/181881&amp;source=gmail&amp;ust=1525377494899000&amp;usg=AFQjCNFKZWc1m7maYTGxf_7f3_sQVPgsww\">https:\/\/support.google.com\/analytics\/answer\/181881<\/a>). This add-on will contact Google Analytics JavaScript (ga.js) to say that the data about this visit to the website do not need to be sent to \u201cGoogle Analytics\u201d.<\/p><p>Please note that if you do not give the website permission to use cookies, some of the functionality offered by the website may be partly or fully unavailable.<\/p><p>The server hosting this website may also receive data related to your queries (the address of the opened website, the device and browser software used, your IP address and connection time). These data are used for technical purposes only \u2013 to ensure that the website works correctly and securely, and to investigate any security breaches.<\/p><\/div><\/div>\t\t\t\t\t\t\t\t<\/div>\n\t\t\t\t<\/div>\n\t\t\t\t\t<\/div>\n\t\t<\/div>\n\t\t\t\t\t<\/div>\n\t\t<\/section>\n\t\t\t\t<\/div>","protected":false},"excerpt":{"rendered":"<p>S\u012bkdat\u0146u politika S\u012bkdatne\u00a0jeb\u00a0s\u012bkfails\u00a0(angl. cookies) ir t\u012bmek\u013ca servera nos\u016bt\u012bta neliela teksta virkne (inform\u0101cija), kura tiek saglab\u0101ta lietot\u0101ja dator\u0101 vai cit\u0101s ier\u012bc\u0113s lietot\u0101ja p\u0101rl\u016bka failu direktorij\u0101. Tas pal\u012bdz vietnei atcer\u0113ties j\u016bsu iestat\u012bjumus,&hellip;<\/p>","protected":false},"author":4,"featured_media":0,"parent":0,"menu_order":0,"comment_status":"closed","ping_status":"closed","template":"","meta":{"footnotes":""},"class_list":["post-999","page","type-page","status-publish","hentry"],"yoast_head":"<!-- This site is optimized with the Yoast SEO plugin v27.3 - https:\/\/yoast.com\/product\/yoast-seo-wordpress\/ -->\n<title>S\u012bkdat\u0146u politika - Fabrica<\/title>\n<meta name=\"robots\" content=\"noindex, follow, max-snippet:-1, max-image-preview:large, max-video-preview:-1\" \/>\n<meta property=\"og:locale\" content=\"en_GB\" \/>\n<meta property=\"og:type\" content=\"article\" \/>\n<meta property=\"og:title\" content=\"S\u012bkdat\u0146u politika - Fabrica\" \/>\n<meta property=\"og:description\" content=\"S\u012bkdat\u0146u politika S\u012bkdatne\u00a0jeb\u00a0s\u012bkfails\u00a0(angl. cookies) ir t\u012bmek\u013ca servera nos\u016bt\u012bta neliela teksta virkne (inform\u0101cija), kura tiek saglab\u0101ta lietot\u0101ja dator\u0101 vai cit\u0101s ier\u012bc\u0113s lietot\u0101ja p\u0101rl\u016bka failu direktorij\u0101. Tas pal\u012bdz vietnei atcer\u0113ties j\u016bsu iestat\u012bjumus,&hellip;\" \/>\n<meta property=\"og:url\" content=\"https:\/\/latstab.bluewhiteagency.com\/en\/sikdatnu-politika\/\" \/>\n<meta property=\"og:site_name\" content=\"Fabrica\" \/>\n<meta property=\"article:modified_time\" content=\"2025-12-15T11:21:52+00:00\" \/>\n<meta name=\"twitter:card\" content=\"summary_large_image\" \/>\n<meta name=\"twitter:label1\" content=\"Estimated reading time\" \/>\n\t<meta name=\"twitter:data1\" content=\"2 minutes\" \/>\n<script type=\"application\/ld+json\" class=\"yoast-schema-graph\">{\"@context\":\"https:\\\/\\\/schema.org\",\"@graph\":[{\"@type\":\"WebPage\",\"@id\":\"https:\\\/\\\/latstab.bluewhiteagency.com\\\/sikdatnu-politika\\\/\",\"url\":\"https:\\\/\\\/latstab.bluewhiteagency.com\\\/sikdatnu-politika\\\/\",\"name\":\"S\u012bkdat\u0146u politika - Fabrica\",\"isPartOf\":{\"@id\":\"https:\\\/\\\/latstab.bluewhiteagency.com\\\/#website\"},\"datePublished\":\"2022-09-08T19:30:15+00:00\",\"dateModified\":\"2025-12-15T11:21:52+00:00\",\"breadcrumb\":{\"@id\":\"https:\\\/\\\/latstab.bluewhiteagency.com\\\/sikdatnu-politika\\\/#breadcrumb\"},\"inLanguage\":\"en-GB\",\"potentialAction\":[{\"@type\":\"ReadAction\",\"target\":[\"https:\\\/\\\/latstab.bluewhiteagency.com\\\/sikdatnu-politika\\\/\"]}]},{\"@type\":\"BreadcrumbList\",\"@id\":\"https:\\\/\\\/latstab.bluewhiteagency.com\\\/sikdatnu-politika\\\/#breadcrumb\",\"itemListElement\":[{\"@type\":\"ListItem\",\"position\":1,\"name\":\"Home\",\"item\":\"https:\\\/\\\/latstab.bluewhiteagency.com\\\/\"},{\"@type\":\"ListItem\",\"position\":2,\"name\":\"S\u012bkdat\u0146u politika\"}]},{\"@type\":\"WebSite\",\"@id\":\"https:\\\/\\\/latstab.bluewhiteagency.com\\\/#website\",\"url\":\"https:\\\/\\\/latstab.bluewhiteagency.com\\\/\",\"name\":\"Fabrica\",\"description\":\"Industrial &amp; Engineering Factory WordPress Theme\",\"publisher\":{\"@id\":\"https:\\\/\\\/latstab.bluewhiteagency.com\\\/#organization\"},\"potentialAction\":[{\"@type\":\"SearchAction\",\"target\":{\"@type\":\"EntryPoint\",\"urlTemplate\":\"https:\\\/\\\/latstab.bluewhiteagency.com\\\/?s={search_term_string}\"},\"query-input\":{\"@type\":\"PropertyValueSpecification\",\"valueRequired\":true,\"valueName\":\"search_term_string\"}}],\"inLanguage\":\"en-GB\"},{\"@type\":\"Organization\",\"@id\":\"https:\\\/\\\/latstab.bluewhiteagency.com\\\/#organization\",\"name\":\"Fabrica\",\"url\":\"https:\\\/\\\/latstab.bluewhiteagency.com\\\/\",\"logo\":{\"@type\":\"ImageObject\",\"inLanguage\":\"en-GB\",\"@id\":\"https:\\\/\\\/latstab.bluewhiteagency.com\\\/#\\\/schema\\\/logo\\\/image\\\/\",\"url\":\"https:\\\/\\\/latstab.bluewhiteagency.com\\\/wp-content\\\/uploads\\\/2022\\\/09\\\/logo-sticky.png\",\"contentUrl\":\"https:\\\/\\\/latstab.bluewhiteagency.com\\\/wp-content\\\/uploads\\\/2022\\\/09\\\/logo-sticky.png\",\"width\":400,\"height\":90,\"caption\":\"Fabrica\"},\"image\":{\"@id\":\"https:\\\/\\\/latstab.bluewhiteagency.com\\\/#\\\/schema\\\/logo\\\/image\\\/\"}}]}<\/script>\n<!-- \/ Yoast SEO plugin. -->","yoast_head_json":{"title":"S\u012bkdat\u0146u politika - Fabrica","robots":{"index":"noindex","follow":"follow","max-snippet":"max-snippet:-1","max-image-preview":"max-image-preview:large","max-video-preview":"max-video-preview:-1"},"og_locale":"en_GB","og_type":"article","og_title":"S\u012bkdat\u0146u politika - Fabrica","og_description":"S\u012bkdat\u0146u politika S\u012bkdatne\u00a0jeb\u00a0s\u012bkfails\u00a0(angl. cookies) ir t\u012bmek\u013ca servera nos\u016bt\u012bta neliela teksta virkne (inform\u0101cija), kura tiek saglab\u0101ta lietot\u0101ja dator\u0101 vai cit\u0101s ier\u012bc\u0113s lietot\u0101ja p\u0101rl\u016bka failu direktorij\u0101. Tas pal\u012bdz vietnei atcer\u0113ties j\u016bsu iestat\u012bjumus,&hellip;","og_url":"https:\/\/latstab.bluewhiteagency.com\/en\/sikdatnu-politika\/","og_site_name":"Fabrica","article_modified_time":"2025-12-15T11:21:52+00:00","twitter_card":"summary_large_image","twitter_misc":{"Estimated reading time":"2 minutes"},"schema":{"@context":"https:\/\/schema.org","@graph":[{"@type":"WebPage","@id":"https:\/\/latstab.bluewhiteagency.com\/sikdatnu-politika\/","url":"https:\/\/latstab.bluewhiteagency.com\/sikdatnu-politika\/","name":"S\u012bkdat\u0146u politika - Fabrica","isPartOf":{"@id":"https:\/\/latstab.bluewhiteagency.com\/#website"},"datePublished":"2022-09-08T19:30:15+00:00","dateModified":"2025-12-15T11:21:52+00:00","breadcrumb":{"@id":"https:\/\/latstab.bluewhiteagency.com\/sikdatnu-politika\/#breadcrumb"},"inLanguage":"en-GB","potentialAction":[{"@type":"ReadAction","target":["https:\/\/latstab.bluewhiteagency.com\/sikdatnu-politika\/"]}]},{"@type":"BreadcrumbList","@id":"https:\/\/latstab.bluewhiteagency.com\/sikdatnu-politika\/#breadcrumb","itemListElement":[{"@type":"ListItem","position":1,"name":"Home","item":"https:\/\/latstab.bluewhiteagency.com\/"},{"@type":"ListItem","position":2,"name":"S\u012bkdat\u0146u politika"}]},{"@type":"WebSite","@id":"https:\/\/latstab.bluewhiteagency.com\/#website","url":"https:\/\/latstab.bluewhiteagency.com\/","name":"Fabrica","description":"Industrial &amp; Engineering Factory WordPress Theme","publisher":{"@id":"https:\/\/latstab.bluewhiteagency.com\/#organization"},"potentialAction":[{"@type":"SearchAction","target":{"@type":"EntryPoint","urlTemplate":"https:\/\/latstab.bluewhiteagency.com\/?s={search_term_string}"},"query-input":{"@type":"PropertyValueSpecification","valueRequired":true,"valueName":"search_term_string"}}],"inLanguage":"en-GB"},{"@type":"Organization","@id":"https:\/\/latstab.bluewhiteagency.com\/#organization","name":"Fabrica","url":"https:\/\/latstab.bluewhiteagency.com\/","logo":{"@type":"ImageObject","inLanguage":"en-GB","@id":"https:\/\/latstab.bluewhiteagency.com\/#\/schema\/logo\/image\/","url":"https:\/\/latstab.bluewhiteagency.com\/wp-content\/uploads\/2022\/09\/logo-sticky.png","contentUrl":"https:\/\/latstab.bluewhiteagency.com\/wp-content\/uploads\/2022\/09\/logo-sticky.png","width":400,"height":90,"caption":"Fabrica"},"image":{"@id":"https:\/\/latstab.bluewhiteagency.com\/#\/schema\/logo\/image\/"}}]}},"_links":{"self":[{"href":"https:\/\/latstab.bluewhiteagency.com\/en\/wp-json\/wp\/v2\/pages\/999","targetHints":{"allow":["GET"]}}],"collection":[{"href":"https:\/\/latstab.bluewhiteagency.com\/en\/wp-json\/wp\/v2\/pages"}],"about":[{"href":"https:\/\/latstab.bluewhiteagency.com\/en\/wp-json\/wp\/v2\/types\/page"}],"author":[{"embeddable":true,"href":"https:\/\/latstab.bluewhiteagency.com\/en\/wp-json\/wp\/v2\/users\/4"}],"replies":[{"embeddable":true,"href":"https:\/\/latstab.bluewhiteagency.com\/en\/wp-json\/wp\/v2\/comments?post=999"}],"version-history":[{"count":4,"href":"https:\/\/latstab.bluewhiteagency.com\/en\/wp-json\/wp\/v2\/pages\/999\/revisions"}],"predecessor-version":[{"id":7367,"href":"https:\/\/latstab.bluewhiteagency.com\/en\/wp-json\/wp\/v2\/pages\/999\/revisions\/7367"}],"wp:attachment":[{"href":"https:\/\/latstab.bluewhiteagency.com\/en\/wp-json\/wp\/v2\/media?parent=999"}],"curies":[{"name":"wp","href":"https:\/\/api.w.org\/{rel}","templated":true}]}}